{"id":3501,"date":"2024-05-07T16:21:37","date_gmt":"2024-05-07T16:21:37","guid":{"rendered":"https:\/\/maxildisoleatore.it\/soluzioni-personalizzate\/"},"modified":"2024-09-26T08:59:41","modified_gmt":"2024-09-26T08:59:41","slug":"soluzioni-personalizzate","status":"publish","type":"page","link":"https:\/\/maxildisoleatore.it\/fr\/soluzioni-personalizzate\/","title":{"rendered":"Projets sp\u00e9ciaux"},"content":{"rendered":"\t\t<div data-elementor-type=\"wp-page\" data-elementor-id=\"3501\" class=\"elementor elementor-3501 elementor-1265\" data-elementor-post-type=\"page\">\n\t\t\t\t<div class=\"elementor-element elementor-element-ad0074a e-flex e-con-boxed e-con e-parent\" data-id=\"ad0074a\" data-element_type=\"container\" data-e-type=\"container\" data-settings=\"{&quot;background_background&quot;:&quot;classic&quot;}\">\n\t\t\t\t\t<div class=\"e-con-inner\">\n\t\t\t\t<div class=\"elementor-element elementor-element-23c4c9b elementor-widget elementor-widget-heading\" data-id=\"23c4c9b\" data-element_type=\"widget\" data-e-type=\"widget\" data-widget_type=\"heading.default\">\n\t\t\t\t<div class=\"elementor-widget-container\">\n\t\t\t\t\t<h1 class=\"elementor-heading-title elementor-size-default\">Projets sp\u00e9ciaux<\/h1>\t\t\t\t<\/div>\n\t\t\t\t<\/div>\n\t\t\t\t<div class=\"elementor-element elementor-element-f6d5acf elementor-widget__width-initial elementor-widget elementor-widget-text-editor\" data-id=\"f6d5acf\" data-element_type=\"widget\" data-e-type=\"widget\" data-widget_type=\"text-editor.default\">\n\t\t\t\t<div class=\"elementor-widget-container\">\n\t\t\t\t\t\t\t\t\tD\u00e9couvrez les solutions personnalis\u00e9es de MAX, cr\u00e9\u00e9es en fonction de besoins et de contextes sp\u00e9cifiques pour garantir des r\u00e9sultats de d\u00e9solation maximaux, m\u00eame dans les conditions les plus critiques.\t\t\t\t\t\t\t\t<\/div>\n\t\t\t\t<\/div>\n\t\t\t\t\t<\/div>\n\t\t\t\t<\/div>\n\t\t<div class=\"elementor-element elementor-element-64cb8a7 e-flex e-con-boxed e-con e-child\" data-id=\"64cb8a7\" data-element_type=\"container\" data-e-type=\"container\">\n\t\t\t\t\t<div class=\"e-con-inner\">\n\t\t\t\t<div class=\"elementor-element elementor-element-7258d16 elementor-widget-divider--view-line elementor-widget elementor-widget-divider\" data-id=\"7258d16\" data-element_type=\"widget\" data-e-type=\"widget\" data-widget_type=\"divider.default\">\n\t\t\t\t<div class=\"elementor-widget-container\">\n\t\t\t\t\t\t\t<div class=\"elementor-divider\">\n\t\t\t<span class=\"elementor-divider-separator\">\n\t\t\t\t\t\t<\/span>\n\t\t<\/div>\n\t\t\t\t\t\t<\/div>\n\t\t\t\t<\/div>\n\t\t\t\t<div class=\"elementor-element elementor-element-6c6b3cf elementor-widget elementor-widget-heading\" data-id=\"6c6b3cf\" data-element_type=\"widget\" data-e-type=\"widget\" data-widget_type=\"heading.default\">\n\t\t\t\t<div class=\"elementor-widget-container\">\n\t\t\t\t\t<h2 class=\"elementor-heading-title elementor-size-default\">MAX Special Band<\/h2>\t\t\t\t<\/div>\n\t\t\t\t<\/div>\n\t\t\t\t\t<\/div>\n\t\t\t\t<\/div>\n\t\t<div class=\"elementor-element elementor-element-a4e010d e-flex e-con-boxed e-con e-parent\" data-id=\"a4e010d\" data-element_type=\"container\" data-e-type=\"container\">\n\t\t\t\t\t<div class=\"e-con-inner\">\n\t\t\t\t<div class=\"elementor-element elementor-element-9278c9e elementor-grid-1 elementor-grid-tablet-1 elementor-widget__width-initial elementor-grid-mobile-1 elementor-widget elementor-widget-loop-grid\" data-id=\"9278c9e\" data-element_type=\"widget\" data-e-type=\"widget\" data-settings=\"{&quot;template_id&quot;:815,&quot;row_gap&quot;:{&quot;unit&quot;:&quot;px&quot;,&quot;size&quot;:40,&quot;sizes&quot;:[]},&quot;columns&quot;:1,&quot;columns_tablet&quot;:1,&quot;_skin&quot;:&quot;post&quot;,&quot;columns_mobile&quot;:&quot;1&quot;,&quot;edit_handle_selector&quot;:&quot;[data-elementor-type=\\&quot;loop-item\\&quot;]&quot;,&quot;row_gap_tablet&quot;:{&quot;unit&quot;:&quot;px&quot;,&quot;size&quot;:&quot;&quot;,&quot;sizes&quot;:[]},&quot;row_gap_mobile&quot;:{&quot;unit&quot;:&quot;px&quot;,&quot;size&quot;:&quot;&quot;,&quot;sizes&quot;:[]}}\" data-widget_type=\"loop-grid.post\">\n\t\t\t\t<div class=\"elementor-widget-container\">\n\t\t\t\t\t\t\t<div class=\"elementor-loop-container elementor-grid\" role=\"list\">\n\t\t<style id=\"loop-815\">.elementor-815 .elementor-element.elementor-element-6bf4da9{--display:flex;--flex-direction:column;--container-widget-width:100%;--container-widget-height:initial;--container-widget-flex-grow:0;--container-widget-align-self:initial;--flex-wrap-mobile:wrap;--border-radius:20px 20px 20px 20px;box-shadow:0px 0px 10px 0px rgba(109, 109, 109, 0.2);--padding-top:2rem;--padding-bottom:2rem;--padding-left:2rem;--padding-right:2rem;}.elementor-815 .elementor-element.elementor-element-6bf4da9:not(.elementor-motion-effects-element-type-background), .elementor-815 .elementor-element.elementor-element-6bf4da9 > .elementor-motion-effects-container > .elementor-motion-effects-layer{background-color:var( --e-global-color-16e45f4 );}.elementor-widget-theme-post-featured-image .widget-image-caption{color:var( --e-global-color-text );font-family:var( --e-global-typography-text-font-family ), Sans-serif;font-size:var( --e-global-typography-text-font-size );font-weight:var( --e-global-typography-text-font-weight );line-height:var( --e-global-typography-text-line-height );}.elementor-815 .elementor-element.elementor-element-31e1fbd img{height:200px;object-fit:contain;object-position:center center;}.elementor-widget-theme-post-title .elementor-heading-title{font-family:var( --e-global-typography-primary-font-family ), Sans-serif;font-weight:var( --e-global-typography-primary-font-weight );line-height:var( --e-global-typography-primary-line-height );color:var( --e-global-color-primary );}.elementor-815 .elementor-element.elementor-element-de8e52a{text-align:center;}.elementor-815 .elementor-element.elementor-element-de8e52a .elementor-heading-title{font-family:var( --e-global-typography-dbd81f8-font-family ), Sans-serif;font-size:var( --e-global-typography-dbd81f8-font-size );font-weight:var( --e-global-typography-dbd81f8-font-weight );line-height:var( --e-global-typography-dbd81f8-line-height );letter-spacing:var( --e-global-typography-dbd81f8-letter-spacing );word-spacing:var( --e-global-typography-dbd81f8-word-spacing );}.elementor-widget-theme-post-excerpt .elementor-widget-container{font-family:var( --e-global-typography-text-font-family ), Sans-serif;font-size:var( --e-global-typography-text-font-size );font-weight:var( --e-global-typography-text-font-weight );line-height:var( --e-global-typography-text-line-height );color:var( --e-global-color-text );}.elementor-815 .elementor-element.elementor-element-e6ba5e3 .elementor-widget-container{text-align:center;}@media(max-width:1024px){.elementor-widget-theme-post-featured-image .widget-image-caption{font-size:var( --e-global-typography-text-font-size );line-height:var( --e-global-typography-text-line-height );}.elementor-widget-theme-post-title .elementor-heading-title{line-height:var( --e-global-typography-primary-line-height );}.elementor-815 .elementor-element.elementor-element-de8e52a .elementor-heading-title{font-size:var( --e-global-typography-dbd81f8-font-size );line-height:var( --e-global-typography-dbd81f8-line-height );letter-spacing:var( --e-global-typography-dbd81f8-letter-spacing );word-spacing:var( --e-global-typography-dbd81f8-word-spacing );}.elementor-widget-theme-post-excerpt .elementor-widget-container{font-size:var( --e-global-typography-text-font-size );line-height:var( --e-global-typography-text-line-height );}}@media(max-width:767px){.elementor-widget-theme-post-featured-image .widget-image-caption{font-size:var( --e-global-typography-text-font-size );line-height:var( --e-global-typography-text-line-height );}.elementor-widget-theme-post-title .elementor-heading-title{line-height:var( --e-global-typography-primary-line-height );}.elementor-815 .elementor-element.elementor-element-de8e52a .elementor-heading-title{font-size:var( --e-global-typography-dbd81f8-font-size );line-height:var( --e-global-typography-dbd81f8-line-height );letter-spacing:var( --e-global-typography-dbd81f8-letter-spacing );word-spacing:var( --e-global-typography-dbd81f8-word-spacing );}.elementor-widget-theme-post-excerpt .elementor-widget-container{font-size:var( --e-global-typography-text-font-size );line-height:var( --e-global-typography-text-line-height );}}<\/style>\t\t<div data-elementor-type=\"loop-item\" data-elementor-id=\"815\" class=\"elementor elementor-815 e-loop-item e-loop-item-3514 post-3514 le-linee type-le-linee status-publish has-post-thumbnail hentry categoria-soluzioni-personalizzate-fr\" data-elementor-post-type=\"elementor_library\" data-custom-edit-handle=\"1\">\n\t\t\t<a class=\"elementor-element elementor-element-6bf4da9 e-flex e-con-boxed e-con e-parent\" data-id=\"6bf4da9\" data-element_type=\"container\" data-e-type=\"container\" data-settings=\"{&quot;background_background&quot;:&quot;classic&quot;}\" href=\"https:\/\/maxildisoleatore.it\/fr\/le-linee\/max-special-band\/\">\n\t\t\t\t\t<div class=\"e-con-inner\">\n\t\t\t\t<div class=\"elementor-element elementor-element-31e1fbd elementor-widget elementor-widget-theme-post-featured-image elementor-widget-image\" data-id=\"31e1fbd\" data-element_type=\"widget\" data-e-type=\"widget\" data-widget_type=\"theme-post-featured-image.default\">\n\t\t\t\t<div class=\"elementor-widget-container\">\n\t\t\t\t\t\t\t\t\t\t\t\t\t\t\t<img fetchpriority=\"high\" decoding=\"async\" width=\"1200\" height=\"1200\" src=\"https:\/\/maxildisoleatore.it\/wp-content\/uploads\/MAX_il_disoleatore-SPECIAL-BAND_01.jpg\" class=\"attachment-large size-large wp-image-3221\" alt=\"\" srcset=\"https:\/\/maxildisoleatore.it\/wp-content\/uploads\/MAX_il_disoleatore-SPECIAL-BAND_01.jpg 1200w, https:\/\/maxildisoleatore.it\/wp-content\/uploads\/MAX_il_disoleatore-SPECIAL-BAND_01-768x768.jpg 768w\" sizes=\"(max-width: 1200px) 100vw, 1200px\" \/>\t\t\t\t\t\t\t\t\t\t\t\t\t\t\t<\/div>\n\t\t\t\t<\/div>\n\t\t\t\t<div class=\"elementor-element elementor-element-de8e52a elementor-widget elementor-widget-theme-post-title elementor-page-title elementor-widget-heading\" data-id=\"de8e52a\" data-element_type=\"widget\" data-e-type=\"widget\" data-widget_type=\"theme-post-title.default\">\n\t\t\t\t<div class=\"elementor-widget-container\">\n\t\t\t\t\t<h3 class=\"elementor-heading-title elementor-size-default\">MAX Special band<\/h3>\t\t\t\t<\/div>\n\t\t\t\t<\/div>\n\t\t\t\t\t<\/div>\n\t\t\t\t<\/a>\n\t\t\t\t<\/div>\n\t\t\t\t<\/div>\n\t\t\n\t\t\t\t\t\t<\/div>\n\t\t\t\t<\/div>\n\t\t\t\t\t<\/div>\n\t\t\t\t<\/div>\n\t\t<div class=\"elementor-element elementor-element-bbd7109 e-flex e-con-boxed e-con e-child\" data-id=\"bbd7109\" data-element_type=\"container\" data-e-type=\"container\" data-settings=\"{&quot;background_background&quot;:&quot;classic&quot;}\">\n\t\t\t\t\t<div class=\"e-con-inner\">\n\t\t\t\t<div class=\"elementor-element elementor-element-22c9cfb elementor-widget-divider--view-line elementor-widget elementor-widget-divider\" data-id=\"22c9cfb\" data-element_type=\"widget\" data-e-type=\"widget\" data-widget_type=\"divider.default\">\n\t\t\t\t<div class=\"elementor-widget-container\">\n\t\t\t\t\t\t\t<div class=\"elementor-divider\">\n\t\t\t<span class=\"elementor-divider-separator\">\n\t\t\t\t\t\t<\/span>\n\t\t<\/div>\n\t\t\t\t\t\t<\/div>\n\t\t\t\t<\/div>\n\t\t\t\t<div class=\"elementor-element elementor-element-e1b2a2f elementor-widget elementor-widget-heading\" data-id=\"e1b2a2f\" data-element_type=\"widget\" data-e-type=\"widget\" data-widget_type=\"heading.default\">\n\t\t\t\t<div class=\"elementor-widget-container\">\n\t\t\t\t\t<h2 class=\"elementor-heading-title elementor-size-default\">MAX UNIT\u00c9<\/h2>\t\t\t\t<\/div>\n\t\t\t\t<\/div>\n\t\t\t\t\t<\/div>\n\t\t\t\t<\/div>\n\t\t<div class=\"elementor-element elementor-element-d44ce6e e-flex e-con-boxed e-con e-parent\" data-id=\"d44ce6e\" data-element_type=\"container\" data-e-type=\"container\" data-settings=\"{&quot;background_background&quot;:&quot;classic&quot;}\">\n\t\t\t\t\t<div class=\"e-con-inner\">\n\t\t\t\t<div class=\"elementor-element elementor-element-c43a54e elementor-grid-2 elementor-grid-tablet-2 elementor-grid-mobile-1 elementor-widget elementor-widget-loop-grid\" data-id=\"c43a54e\" data-element_type=\"widget\" data-e-type=\"widget\" data-settings=\"{&quot;template_id&quot;:815,&quot;row_gap&quot;:{&quot;unit&quot;:&quot;px&quot;,&quot;size&quot;:40,&quot;sizes&quot;:[]},&quot;columns&quot;:2,&quot;_skin&quot;:&quot;post&quot;,&quot;columns_tablet&quot;:&quot;2&quot;,&quot;columns_mobile&quot;:&quot;1&quot;,&quot;edit_handle_selector&quot;:&quot;[data-elementor-type=\\&quot;loop-item\\&quot;]&quot;,&quot;row_gap_tablet&quot;:{&quot;unit&quot;:&quot;px&quot;,&quot;size&quot;:&quot;&quot;,&quot;sizes&quot;:[]},&quot;row_gap_mobile&quot;:{&quot;unit&quot;:&quot;px&quot;,&quot;size&quot;:&quot;&quot;,&quot;sizes&quot;:[]}}\" data-widget_type=\"loop-grid.post\">\n\t\t\t\t<div class=\"elementor-widget-container\">\n\t\t\t\t\t\t\t<div class=\"elementor-loop-container elementor-grid\" role=\"list\">\n\t\t\t\t<div data-elementor-type=\"loop-item\" data-elementor-id=\"815\" class=\"elementor elementor-815 e-loop-item e-loop-item-3523 post-3523 le-linee type-le-linee status-publish has-post-thumbnail hentry categoria-soluzioni-personalizzate-fr\" data-elementor-post-type=\"elementor_library\" data-custom-edit-handle=\"1\">\n\t\t\t<a class=\"elementor-element elementor-element-6bf4da9 e-flex e-con-boxed e-con e-parent\" data-id=\"6bf4da9\" data-element_type=\"container\" data-e-type=\"container\" data-settings=\"{&quot;background_background&quot;:&quot;classic&quot;}\" href=\"https:\/\/maxildisoleatore.it\/fr\/le-linee\/max-unita-gvm-3q\/\">\n\t\t\t\t\t<div class=\"e-con-inner\">\n\t\t\t\t<div class=\"elementor-element elementor-element-31e1fbd elementor-widget elementor-widget-theme-post-featured-image elementor-widget-image\" data-id=\"31e1fbd\" data-element_type=\"widget\" data-e-type=\"widget\" data-widget_type=\"theme-post-featured-image.default\">\n\t\t\t\t<div class=\"elementor-widget-container\">\n\t\t\t\t\t\t\t\t\t\t\t\t\t\t\t<img decoding=\"async\" width=\"1200\" height=\"1200\" src=\"https:\/\/maxildisoleatore.it\/wp-content\/uploads\/MAX_il_disoleatore-MAX-UNITA-GVM-3Q.jpg\" class=\"attachment-large size-large wp-image-3212\" alt=\"\" srcset=\"https:\/\/maxildisoleatore.it\/wp-content\/uploads\/MAX_il_disoleatore-MAX-UNITA-GVM-3Q.jpg 1200w, https:\/\/maxildisoleatore.it\/wp-content\/uploads\/MAX_il_disoleatore-MAX-UNITA-GVM-3Q-768x768.jpg 768w\" sizes=\"(max-width: 1200px) 100vw, 1200px\" \/>\t\t\t\t\t\t\t\t\t\t\t\t\t\t\t<\/div>\n\t\t\t\t<\/div>\n\t\t\t\t<div class=\"elementor-element elementor-element-de8e52a elementor-widget elementor-widget-theme-post-title elementor-page-title elementor-widget-heading\" data-id=\"de8e52a\" data-element_type=\"widget\" data-e-type=\"widget\" data-widget_type=\"theme-post-title.default\">\n\t\t\t\t<div class=\"elementor-widget-container\">\n\t\t\t\t\t<h3 class=\"elementor-heading-title elementor-size-default\">MAX UNIT\u00c9 GVM 3Q<\/h3>\t\t\t\t<\/div>\n\t\t\t\t<\/div>\n\t\t\t\t\t<\/div>\n\t\t\t\t<\/a>\n\t\t\t\t<\/div>\n\t\t\t\t<div data-elementor-type=\"loop-item\" data-elementor-id=\"815\" class=\"elementor elementor-815 e-loop-item e-loop-item-3518 post-3518 le-linee type-le-linee status-publish has-post-thumbnail hentry categoria-soluzioni-personalizzate-fr\" data-elementor-post-type=\"elementor_library\" data-custom-edit-handle=\"1\">\n\t\t\t<a class=\"elementor-element elementor-element-6bf4da9 e-flex e-con-boxed e-con e-parent\" data-id=\"6bf4da9\" data-element_type=\"container\" data-e-type=\"container\" data-settings=\"{&quot;background_background&quot;:&quot;classic&quot;}\" href=\"https:\/\/maxildisoleatore.it\/fr\/le-linee\/max-unita-vm1\/\">\n\t\t\t\t\t<div class=\"e-con-inner\">\n\t\t\t\t<div class=\"elementor-element elementor-element-31e1fbd elementor-widget elementor-widget-theme-post-featured-image elementor-widget-image\" data-id=\"31e1fbd\" data-element_type=\"widget\" data-e-type=\"widget\" data-widget_type=\"theme-post-featured-image.default\">\n\t\t\t\t<div class=\"elementor-widget-container\">\n\t\t\t\t\t\t\t\t\t\t\t\t\t\t\t<img decoding=\"async\" width=\"1200\" height=\"1200\" src=\"https:\/\/maxildisoleatore.it\/wp-content\/uploads\/MAX_il_disoleatore-MAX-UNITA-VM1.jpg\" class=\"attachment-large size-large wp-image-3207\" alt=\"\" srcset=\"https:\/\/maxildisoleatore.it\/wp-content\/uploads\/MAX_il_disoleatore-MAX-UNITA-VM1.jpg 1200w, https:\/\/maxildisoleatore.it\/wp-content\/uploads\/MAX_il_disoleatore-MAX-UNITA-VM1-768x768.jpg 768w\" sizes=\"(max-width: 1200px) 100vw, 1200px\" \/>\t\t\t\t\t\t\t\t\t\t\t\t\t\t\t<\/div>\n\t\t\t\t<\/div>\n\t\t\t\t<div class=\"elementor-element elementor-element-de8e52a elementor-widget elementor-widget-theme-post-title elementor-page-title elementor-widget-heading\" data-id=\"de8e52a\" data-element_type=\"widget\" data-e-type=\"widget\" data-widget_type=\"theme-post-title.default\">\n\t\t\t\t<div class=\"elementor-widget-container\">\n\t\t\t\t\t<h3 class=\"elementor-heading-title elementor-size-default\">MAX UNIT\u00c9 VM1<\/h3>\t\t\t\t<\/div>\n\t\t\t\t<\/div>\n\t\t\t\t\t<\/div>\n\t\t\t\t<\/a>\n\t\t\t\t<\/div>\n\t\t\t\t<\/div>\n\t\t\n\t\t\t\t\t\t<\/div>\n\t\t\t\t<\/div>\n\t\t\t\t\t<\/div>\n\t\t\t\t<\/div>\n\t\t<div class=\"elementor-element elementor-element-e54a459 e-flex e-con-boxed e-con e-child\" data-id=\"e54a459\" data-element_type=\"container\" data-e-type=\"container\">\n\t\t\t\t\t<div class=\"e-con-inner\">\n\t\t\t\t<div class=\"elementor-element elementor-element-5f6dd5c elementor-widget-divider--view-line elementor-widget elementor-widget-divider\" data-id=\"5f6dd5c\" data-element_type=\"widget\" data-e-type=\"widget\" data-widget_type=\"divider.default\">\n\t\t\t\t<div class=\"elementor-widget-container\">\n\t\t\t\t\t\t\t<div class=\"elementor-divider\">\n\t\t\t<span class=\"elementor-divider-separator\">\n\t\t\t\t\t\t<\/span>\n\t\t<\/div>\n\t\t\t\t\t\t<\/div>\n\t\t\t\t<\/div>\n\t\t\t\t<div class=\"elementor-element elementor-element-3167655 elementor-widget elementor-widget-heading\" data-id=\"3167655\" data-element_type=\"widget\" data-e-type=\"widget\" data-widget_type=\"heading.default\">\n\t\t\t\t<div class=\"elementor-widget-container\">\n\t\t\t\t\t<h2 class=\"elementor-heading-title elementor-size-default\">MAX OVERSIZE\/XL<\/h2>\t\t\t\t<\/div>\n\t\t\t\t<\/div>\n\t\t\t\t\t<\/div>\n\t\t\t\t<\/div>\n\t\t<div class=\"elementor-element elementor-element-e51cfe5 e-flex e-con-boxed e-con e-parent\" data-id=\"e51cfe5\" data-element_type=\"container\" data-e-type=\"container\">\n\t\t\t\t\t<div class=\"e-con-inner\">\n\t\t\t\t<div class=\"elementor-element elementor-element-019ecbe elementor-grid-2 elementor-grid-tablet-2 elementor-grid-mobile-1 elementor-widget elementor-widget-loop-grid\" data-id=\"019ecbe\" data-element_type=\"widget\" data-e-type=\"widget\" data-settings=\"{&quot;template_id&quot;:815,&quot;row_gap&quot;:{&quot;unit&quot;:&quot;px&quot;,&quot;size&quot;:40,&quot;sizes&quot;:[]},&quot;columns&quot;:2,&quot;_skin&quot;:&quot;post&quot;,&quot;columns_tablet&quot;:&quot;2&quot;,&quot;columns_mobile&quot;:&quot;1&quot;,&quot;edit_handle_selector&quot;:&quot;[data-elementor-type=\\&quot;loop-item\\&quot;]&quot;,&quot;row_gap_tablet&quot;:{&quot;unit&quot;:&quot;px&quot;,&quot;size&quot;:&quot;&quot;,&quot;sizes&quot;:[]},&quot;row_gap_mobile&quot;:{&quot;unit&quot;:&quot;px&quot;,&quot;size&quot;:&quot;&quot;,&quot;sizes&quot;:[]}}\" data-widget_type=\"loop-grid.post\">\n\t\t\t\t<div class=\"elementor-widget-container\">\n\t\t\t\t\t\t\t<div class=\"elementor-loop-container elementor-grid\" role=\"list\">\n\t\t\t\t<div data-elementor-type=\"loop-item\" data-elementor-id=\"815\" class=\"elementor elementor-815 e-loop-item e-loop-item-3532 post-3532 le-linee type-le-linee status-publish has-post-thumbnail hentry categoria-soluzioni-personalizzate-fr\" data-elementor-post-type=\"elementor_library\" data-custom-edit-handle=\"1\">\n\t\t\t<a class=\"elementor-element elementor-element-6bf4da9 e-flex e-con-boxed e-con e-parent\" data-id=\"6bf4da9\" data-element_type=\"container\" data-e-type=\"container\" data-settings=\"{&quot;background_background&quot;:&quot;classic&quot;}\" href=\"https:\/\/maxildisoleatore.it\/fr\/le-linee\/max-disc-800-inox\/\">\n\t\t\t\t\t<div class=\"e-con-inner\">\n\t\t\t\t<div class=\"elementor-element elementor-element-31e1fbd elementor-widget elementor-widget-theme-post-featured-image elementor-widget-image\" data-id=\"31e1fbd\" data-element_type=\"widget\" data-e-type=\"widget\" data-widget_type=\"theme-post-featured-image.default\">\n\t\t\t\t<div class=\"elementor-widget-container\">\n\t\t\t\t\t\t\t\t\t\t\t\t\t\t\t<img loading=\"lazy\" decoding=\"async\" width=\"1200\" height=\"1200\" src=\"https:\/\/maxildisoleatore.it\/wp-content\/uploads\/MAX_il_disoleatore-MAX-DISC-800-INOX.jpg\" class=\"attachment-large size-large wp-image-3226\" alt=\"\" srcset=\"https:\/\/maxildisoleatore.it\/wp-content\/uploads\/MAX_il_disoleatore-MAX-DISC-800-INOX.jpg 1200w, https:\/\/maxildisoleatore.it\/wp-content\/uploads\/MAX_il_disoleatore-MAX-DISC-800-INOX-768x768.jpg 768w\" sizes=\"(max-width: 1200px) 100vw, 1200px\" \/>\t\t\t\t\t\t\t\t\t\t\t\t\t\t\t<\/div>\n\t\t\t\t<\/div>\n\t\t\t\t<div class=\"elementor-element elementor-element-de8e52a elementor-widget elementor-widget-theme-post-title elementor-page-title elementor-widget-heading\" data-id=\"de8e52a\" data-element_type=\"widget\" data-e-type=\"widget\" data-widget_type=\"theme-post-title.default\">\n\t\t\t\t<div class=\"elementor-widget-container\">\n\t\t\t\t\t<h3 class=\"elementor-heading-title elementor-size-default\">MAX DISC 800 INOX<\/h3>\t\t\t\t<\/div>\n\t\t\t\t<\/div>\n\t\t\t\t\t<\/div>\n\t\t\t\t<\/a>\n\t\t\t\t<\/div>\n\t\t\t\t<div data-elementor-type=\"loop-item\" data-elementor-id=\"815\" class=\"elementor elementor-815 e-loop-item e-loop-item-3529 post-3529 le-linee type-le-linee status-publish has-post-thumbnail hentry categoria-soluzioni-personalizzate-fr\" data-elementor-post-type=\"elementor_library\" data-custom-edit-handle=\"1\">\n\t\t\t<a class=\"elementor-element elementor-element-6bf4da9 e-flex e-con-boxed e-con e-parent\" data-id=\"6bf4da9\" data-element_type=\"container\" data-e-type=\"container\" data-settings=\"{&quot;background_background&quot;:&quot;classic&quot;}\" href=\"https:\/\/maxildisoleatore.it\/fr\/le-linee\/max-special-band-3000-200-400-v\/\">\n\t\t\t\t\t<div class=\"e-con-inner\">\n\t\t\t\t<div class=\"elementor-element elementor-element-31e1fbd elementor-widget elementor-widget-theme-post-featured-image elementor-widget-image\" data-id=\"31e1fbd\" data-element_type=\"widget\" data-e-type=\"widget\" data-widget_type=\"theme-post-featured-image.default\">\n\t\t\t\t<div class=\"elementor-widget-container\">\n\t\t\t\t\t\t\t\t\t\t\t\t\t\t\t<img loading=\"lazy\" decoding=\"async\" width=\"1200\" height=\"1200\" src=\"https:\/\/maxildisoleatore.it\/wp-content\/uploads\/MAX_il_disoleatore-MAX-SPECIAL-BAND-3000.jpg\" class=\"attachment-large size-large wp-image-3231\" alt=\"\" srcset=\"https:\/\/maxildisoleatore.it\/wp-content\/uploads\/MAX_il_disoleatore-MAX-SPECIAL-BAND-3000.jpg 1200w, https:\/\/maxildisoleatore.it\/wp-content\/uploads\/MAX_il_disoleatore-MAX-SPECIAL-BAND-3000-768x768.jpg 768w\" sizes=\"(max-width: 1200px) 100vw, 1200px\" \/>\t\t\t\t\t\t\t\t\t\t\t\t\t\t\t<\/div>\n\t\t\t\t<\/div>\n\t\t\t\t<div class=\"elementor-element elementor-element-de8e52a elementor-widget elementor-widget-theme-post-title elementor-page-title elementor-widget-heading\" data-id=\"de8e52a\" data-element_type=\"widget\" data-e-type=\"widget\" data-widget_type=\"theme-post-title.default\">\n\t\t\t\t<div class=\"elementor-widget-container\">\n\t\t\t\t\t<h3 class=\"elementor-heading-title elementor-size-default\">MAX SPECIAL BAND 3000-200\/400 V<\/h3>\t\t\t\t<\/div>\n\t\t\t\t<\/div>\n\t\t\t\t\t<\/div>\n\t\t\t\t<\/a>\n\t\t\t\t<\/div>\n\t\t\t\t<\/div>\n\t\t\n\t\t\t\t\t\t<\/div>\n\t\t\t\t<\/div>\n\t\t\t\t\t<\/div>\n\t\t\t\t<\/div>\n\t\t\t\t<\/div>\n\t\t","protected":false},"excerpt":{"rendered":"<p>Projets sp\u00e9ciaux D\u00e9couvrez les solutions personnalis\u00e9es de MAX, cr\u00e9\u00e9es en fonction de besoins et de contextes sp\u00e9cifiques pour garantir des r\u00e9sultats de d\u00e9solation maximaux, m\u00eame dans les conditions les plus critiques. MAX Special Band MAX UNIT\u00c9 MAX OVERSIZE\/XL<\/p>\n","protected":false},"author":1,"featured_media":0,"parent":0,"menu_order":0,"comment_status":"closed","ping_status":"closed","template":"elementor_header_footer","meta":{"footnotes":""},"class_list":["post-3501","page","type-page","status-publish","hentry"],"_links":{"self":[{"href":"https:\/\/maxildisoleatore.it\/fr\/wp-json\/wp\/v2\/pages\/3501","targetHints":{"allow":["GET"]}}],"collection":[{"href":"https:\/\/maxildisoleatore.it\/fr\/wp-json\/wp\/v2\/pages"}],"about":[{"href":"https:\/\/maxildisoleatore.it\/fr\/wp-json\/wp\/v2\/types\/page"}],"author":[{"embeddable":true,"href":"https:\/\/maxildisoleatore.it\/fr\/wp-json\/wp\/v2\/users\/1"}],"replies":[{"embeddable":true,"href":"https:\/\/maxildisoleatore.it\/fr\/wp-json\/wp\/v2\/comments?post=3501"}],"version-history":[{"count":17,"href":"https:\/\/maxildisoleatore.it\/fr\/wp-json\/wp\/v2\/pages\/3501\/revisions"}],"predecessor-version":[{"id":4522,"href":"https:\/\/maxildisoleatore.it\/fr\/wp-json\/wp\/v2\/pages\/3501\/revisions\/4522"}],"wp:attachment":[{"href":"https:\/\/maxildisoleatore.it\/fr\/wp-json\/wp\/v2\/media?parent=3501"}],"curies":[{"name":"wp","href":"https:\/\/api.w.org\/{rel}","templated":true}]}}