{"id":2380,"date":"2024-04-10T09:41:11","date_gmt":"2024-04-10T09:41:11","guid":{"rendered":"https:\/\/maxildisoleatore.it\/post-vendita\/"},"modified":"2024-08-26T09:52:30","modified_gmt":"2024-08-26T09:52:30","slug":"post-vendita","status":"publish","type":"page","link":"https:\/\/maxildisoleatore.it\/fr\/post-vendita\/","title":{"rendered":"Apr\u00e8s-vente"},"content":{"rendered":"\t\t<div data-elementor-type=\"wp-page\" data-elementor-id=\"2380\" class=\"elementor elementor-2380 elementor-453\" data-elementor-post-type=\"page\">\n\t\t\t\t<div class=\"elementor-element elementor-element-ef8563c e-flex e-con-boxed e-con e-parent\" data-id=\"ef8563c\" data-element_type=\"container\" data-e-type=\"container\" data-settings=\"{&quot;background_background&quot;:&quot;classic&quot;}\">\n\t\t\t\t\t<div class=\"e-con-inner\">\n\t\t\t\t<div class=\"elementor-element elementor-element-c493d58 elementor-widget elementor-widget-heading\" data-id=\"c493d58\" data-element_type=\"widget\" data-e-type=\"widget\" data-widget_type=\"heading.default\">\n\t\t\t\t<div class=\"elementor-widget-container\">\n\t\t\t\t\t<h1 class=\"elementor-heading-title elementor-size-default\">Apr\u00e8s-vente<\/h1>\t\t\t\t<\/div>\n\t\t\t\t<\/div>\n\t\t\t\t\t<\/div>\n\t\t\t\t<\/div>\n\t\t<div class=\"elementor-element elementor-element-4d7fd83 e-flex e-con-boxed e-con e-parent\" data-id=\"4d7fd83\" data-element_type=\"container\" data-e-type=\"container\">\n\t\t\t\t\t<div class=\"e-con-inner\">\n\t\t<div class=\"elementor-element elementor-element-f03132d e-con-full e-flex e-con e-child\" data-id=\"f03132d\" data-element_type=\"container\" data-e-type=\"container\">\n\t\t\t\t<div class=\"elementor-element elementor-element-28c968f elementor-widget-divider--view-line elementor-widget elementor-widget-divider\" data-id=\"28c968f\" data-element_type=\"widget\" data-e-type=\"widget\" data-widget_type=\"divider.default\">\n\t\t\t\t<div class=\"elementor-widget-container\">\n\t\t\t\t\t\t\t<div class=\"elementor-divider\">\n\t\t\t<span class=\"elementor-divider-separator\">\n\t\t\t\t\t\t<\/span>\n\t\t<\/div>\n\t\t\t\t\t\t<\/div>\n\t\t\t\t<\/div>\n\t\t\t\t<div class=\"elementor-element elementor-element-7dbff49 elementor-widget elementor-widget-heading\" data-id=\"7dbff49\" data-element_type=\"widget\" data-e-type=\"widget\" data-widget_type=\"heading.default\">\n\t\t\t\t<div class=\"elementor-widget-container\">\n\t\t\t\t\t<h2 class=\"elementor-heading-title elementor-size-default\">La gestion des d\u00e9shuileurs<\/h2>\t\t\t\t<\/div>\n\t\t\t\t<\/div>\n\t\t\t\t<div class=\"elementor-element elementor-element-e284fe0 elementor-widget elementor-widget-text-editor\" data-id=\"e284fe0\" data-element_type=\"widget\" data-e-type=\"widget\" data-widget_type=\"text-editor.default\">\n\t\t\t\t<div class=\"elementor-widget-container\">\n\t\t\t\t\t\t\t\t\t<p>Afin de maintenir les performances \u00e9lev\u00e9es et d\u2019am\u00e9liorer davantage la dur\u00e9e du produit, nous avons mis au point un\u00a0<strong>service apr\u00e8s-vente <\/strong> qui accompagne les entreprises dans la gestion de l\u2019entretien du d\u00e9shuileur.<\/p><p>Les d\u00e9shuileurs MAX ont besoin d\u2019un simple\u00a0<strong>nettoyage p\u00e9riodique<\/strong> et le choix des mat\u00e9riaux les rend robustes et leur permet de durer<\/p><p>\u00a0<\/p><p>Produire et assembler les d\u00e9shuileurs en interne assure:<\/p><ul><li><b>Disponibilit\u00e9 imm\u00e9diate<\/b> de pi\u00e8ces de rechange originales et garanties, en entrep\u00f4t;<\/li><li><b>R\u00e9parations<\/b> dans des d\u00e9lais tr\u00e8s courts;<\/li><li>Uniquement des <b> techniciens experts <\/b> et pr\u00e9par\u00e9s, qui connaissent le produit \u00e0 fond, effectuent la r\u00e9paration et l\u2019entretien de l\u2019appareil.<\/li><\/ul>\t\t\t\t\t\t\t\t<\/div>\n\t\t\t\t<\/div>\n\t\t\t\t<\/div>\n\t\t<div class=\"elementor-element elementor-element-ccde546 e-con-full e-flex e-con e-child\" data-id=\"ccde546\" data-element_type=\"container\" data-e-type=\"container\">\n\t\t\t\t<div class=\"elementor-element elementor-element-4d568ca elementor-widget elementor-widget-image\" data-id=\"4d568ca\" data-element_type=\"widget\" data-e-type=\"widget\" data-widget_type=\"image.default\">\n\t\t\t\t<div class=\"elementor-widget-container\">\n\t\t\t\t\t\t\t\t\t\t\t\t\t\t\t<img fetchpriority=\"high\" decoding=\"async\" width=\"1200\" height=\"800\" src=\"https:\/\/maxildisoleatore.it\/wp-content\/uploads\/MAX_il_disoleatore-DSCF0808.jpg\" class=\"attachment-large size-large wp-image-1952\" alt=\"\" srcset=\"https:\/\/maxildisoleatore.it\/wp-content\/uploads\/MAX_il_disoleatore-DSCF0808.jpg 1200w, https:\/\/maxildisoleatore.it\/wp-content\/uploads\/MAX_il_disoleatore-DSCF0808-768x512.jpg 768w\" sizes=\"(max-width: 1200px) 100vw, 1200px\" \/>\t\t\t\t\t\t\t\t\t\t\t\t\t\t\t<\/div>\n\t\t\t\t<\/div>\n\t\t<div class=\"elementor-element elementor-element-31aa49a e-con-full e-transform e-flex e-con e-child\" data-id=\"31aa49a\" data-element_type=\"container\" data-e-type=\"container\" data-settings=\"{&quot;background_background&quot;:&quot;classic&quot;,&quot;_transform_translateX_effect&quot;:{&quot;unit&quot;:&quot;px&quot;,&quot;size&quot;:-51,&quot;sizes&quot;:[]},&quot;_transform_translateY_effect&quot;:{&quot;unit&quot;:&quot;px&quot;,&quot;size&quot;:-77,&quot;sizes&quot;:[]},&quot;_transform_translateX_effect_tablet&quot;:{&quot;unit&quot;:&quot;px&quot;,&quot;size&quot;:0,&quot;sizes&quot;:[]},&quot;_transform_translateY_effect_tablet&quot;:{&quot;unit&quot;:&quot;px&quot;,&quot;size&quot;:0,&quot;sizes&quot;:[]},&quot;_transform_translateX_effect_mobile&quot;:{&quot;unit&quot;:&quot;px&quot;,&quot;size&quot;:&quot;&quot;,&quot;sizes&quot;:[]},&quot;_transform_translateY_effect_mobile&quot;:{&quot;unit&quot;:&quot;px&quot;,&quot;size&quot;:&quot;&quot;,&quot;sizes&quot;:[]}}\">\n\t\t\t\t<div class=\"elementor-element elementor-element-28b5763 elementor-widget elementor-widget-heading\" data-id=\"28b5763\" data-element_type=\"widget\" data-e-type=\"widget\" data-widget_type=\"heading.default\">\n\t\t\t\t<div class=\"elementor-widget-container\">\n\t\t\t\t\t<h4 class=\"elementor-heading-title elementor-size-default\">Les d\u00e9shuileurs MAX sont enti\u00e8rement cr\u00e9\u00e9s et assembl\u00e9s dans notre atelier<\/h4>\t\t\t\t<\/div>\n\t\t\t\t<\/div>\n\t\t\t\t<\/div>\n\t\t\t\t<\/div>\n\t\t\t\t\t<\/div>\n\t\t\t\t<\/div>\n\t\t<div class=\"elementor-element elementor-element-3515302 e-flex e-con-boxed e-con e-parent\" data-id=\"3515302\" data-element_type=\"container\" data-e-type=\"container\" data-settings=\"{&quot;background_background&quot;:&quot;classic&quot;}\">\n\t\t\t\t\t<div class=\"e-con-inner\">\n\t\t<div class=\"elementor-element elementor-element-2550793 e-con-full e-flex e-con e-child\" data-id=\"2550793\" data-element_type=\"container\" data-e-type=\"container\" data-settings=\"{&quot;background_background&quot;:&quot;classic&quot;}\">\n\t\t\t\t<div class=\"elementor-element elementor-element-ec16092 elementor-widget elementor-widget-heading\" data-id=\"ec16092\" data-element_type=\"widget\" data-e-type=\"widget\" data-widget_type=\"heading.default\">\n\t\t\t\t<div class=\"elementor-widget-container\">\n\t\t\t\t\t<h3 class=\"elementor-heading-title elementor-size-default\">Entretien p\u00e9riodique programm\u00e9<\/h3>\t\t\t\t<\/div>\n\t\t\t\t<\/div>\n\t\t\t\t<div class=\"elementor-element elementor-element-ef562ac elementor-widget-divider--view-line elementor-widget elementor-widget-divider\" data-id=\"ef562ac\" data-element_type=\"widget\" data-e-type=\"widget\" data-widget_type=\"divider.default\">\n\t\t\t\t<div class=\"elementor-widget-container\">\n\t\t\t\t\t\t\t<div class=\"elementor-divider\">\n\t\t\t<span class=\"elementor-divider-separator\">\n\t\t\t\t\t\t<\/span>\n\t\t<\/div>\n\t\t\t\t\t\t<\/div>\n\t\t\t\t<\/div>\n\t\t\t\t<div class=\"elementor-element elementor-element-9a5dd6b elementor-widget elementor-widget-text-editor\" data-id=\"9a5dd6b\" data-element_type=\"widget\" data-e-type=\"widget\" data-widget_type=\"text-editor.default\">\n\t\t\t\t<div class=\"elementor-widget-container\">\n\t\t\t\t\t\t\t\t\t<p>Entretien suivant calendrier. Nous fournissons un service d\u2019<strong>entretien r\u00e9gulier<\/strong> conform\u00e9ment aux exigences du client.<\/p><p><span style=\"color: var( --e-global-color-text ); font-family: var( --e-global-typography-text-font-family ), Sans-serif; font-size: var( --e-global-typography-text-font-size ); font-weight: var( --e-global-typography-text-font-weight ); background-color: var( --e-global-color-16e45f4 );\">Nos techniciens se rendent \u00e0 l\u2019entreprise pour le\u00a0<\/span><strong style=\"color: var( --e-global-color-text ); font-family: var( --e-global-typography-text-font-family ), Sans-serif; font-size: var( --e-global-typography-text-font-size ); background-color: var( --e-global-color-16e45f4 );\">nettoyage des d\u00e9shuileurs<\/strong><span style=\"color: var( --e-global-color-text ); font-family: var( --e-global-typography-text-font-family ), Sans-serif; font-size: var( --e-global-typography-text-font-size ); font-weight: var( --e-global-typography-text-font-weight ); background-color: var( --e-global-color-16e45f4 );\"> nstall\u00e9s, pour v\u00e9rifier qu\u2019ils fonctionnement correctement et pour effectuer d\u2019\u00e9ventuelles interventions de r\u00e9paration.<\/span><\/p>\t\t\t\t\t\t\t\t<\/div>\n\t\t\t\t<\/div>\n\t\t\t\t<\/div>\n\t\t<div class=\"elementor-element elementor-element-2d5707c e-con-full e-flex e-con e-child\" data-id=\"2d5707c\" data-element_type=\"container\" data-e-type=\"container\" data-settings=\"{&quot;background_background&quot;:&quot;classic&quot;}\">\n\t\t\t\t<div class=\"elementor-element elementor-element-ef10fa8 elementor-widget elementor-widget-heading\" data-id=\"ef10fa8\" data-element_type=\"widget\" data-e-type=\"widget\" data-widget_type=\"heading.default\">\n\t\t\t\t<div class=\"elementor-widget-container\">\n\t\t\t\t\t<h3 class=\"elementor-heading-title elementor-size-default\">Entretien ponctuel<\/h3>\t\t\t\t<\/div>\n\t\t\t\t<\/div>\n\t\t\t\t<div class=\"elementor-element elementor-element-4435290 elementor-widget-divider--view-line elementor-widget elementor-widget-divider\" data-id=\"4435290\" data-element_type=\"widget\" data-e-type=\"widget\" data-widget_type=\"divider.default\">\n\t\t\t\t<div class=\"elementor-widget-container\">\n\t\t\t\t\t\t\t<div class=\"elementor-divider\">\n\t\t\t<span class=\"elementor-divider-separator\">\n\t\t\t\t\t\t<\/span>\n\t\t<\/div>\n\t\t\t\t\t\t<\/div>\n\t\t\t\t<\/div>\n\t\t\t\t<div class=\"elementor-element elementor-element-9c18106 elementor-widget elementor-widget-text-editor\" data-id=\"9c18106\" data-element_type=\"widget\" data-e-type=\"widget\" data-widget_type=\"text-editor.default\">\n\t\t\t\t<div class=\"elementor-widget-container\">\n\t\t\t\t\t\t\t\t\t<p>En cas de<strong> dysfonctionnement des d\u00e9shuileurs<\/strong>\u00a0de la ligne MAX, nous offrons un service de r\u00e9paration.<\/p><p>\u00a0<\/p><p>Les pi\u00e8ces de rechange sont toujours disponibles dans notre entrep\u00f4t pour des <strong>r\u00e9parations rapides et efficaces. <\/strong>.<\/p>\t\t\t\t\t\t\t\t<\/div>\n\t\t\t\t<\/div>\n\t\t\t\t<\/div>\n\t\t\t\t\t<\/div>\n\t\t\t\t<\/div>\n\t\t\t\t<\/div>\n\t\t","protected":false},"excerpt":{"rendered":"<p>Apr\u00e8s-vente La gestion des d\u00e9shuileurs Afin de maintenir les performances \u00e9lev\u00e9es et d\u2019am\u00e9liorer davantage la dur\u00e9e du produit, nous avons mis au point un\u00a0service apr\u00e8s-vente qui accompagne les entreprises dans la gestion de l\u2019entretien du d\u00e9shuileur. Les d\u00e9shuileurs MAX ont besoin d\u2019un simple\u00a0nettoyage p\u00e9riodique et le choix des mat\u00e9riaux les rend robustes et leur permet [&hellip;]<\/p>\n","protected":false},"author":1,"featured_media":0,"parent":0,"menu_order":0,"comment_status":"closed","ping_status":"closed","template":"elementor_header_footer","meta":{"footnotes":""},"class_list":["post-2380","page","type-page","status-publish","hentry"],"_links":{"self":[{"href":"https:\/\/maxildisoleatore.it\/fr\/wp-json\/wp\/v2\/pages\/2380","targetHints":{"allow":["GET"]}}],"collection":[{"href":"https:\/\/maxildisoleatore.it\/fr\/wp-json\/wp\/v2\/pages"}],"about":[{"href":"https:\/\/maxildisoleatore.it\/fr\/wp-json\/wp\/v2\/types\/page"}],"author":[{"embeddable":true,"href":"https:\/\/maxildisoleatore.it\/fr\/wp-json\/wp\/v2\/users\/1"}],"replies":[{"embeddable":true,"href":"https:\/\/maxildisoleatore.it\/fr\/wp-json\/wp\/v2\/comments?post=2380"}],"version-history":[{"count":13,"href":"https:\/\/maxildisoleatore.it\/fr\/wp-json\/wp\/v2\/pages\/2380\/revisions"}],"predecessor-version":[{"id":2881,"href":"https:\/\/maxildisoleatore.it\/fr\/wp-json\/wp\/v2\/pages\/2380\/revisions\/2881"}],"wp:attachment":[{"href":"https:\/\/maxildisoleatore.it\/fr\/wp-json\/wp\/v2\/media?parent=2380"}],"curies":[{"name":"wp","href":"https:\/\/api.w.org\/{rel}","templated":true}]}}