{"id":2527,"date":"2024-05-02T13:13:54","date_gmt":"2024-05-02T13:13:54","guid":{"rendered":"https:\/\/maxildisoleatore.it\/filtrazione\/"},"modified":"2024-08-27T12:43:56","modified_gmt":"2024-08-27T12:43:56","slug":"filtrazione","status":"publish","type":"page","link":"https:\/\/maxildisoleatore.it\/de\/filtrazione\/","title":{"rendered":"Filtration"},"content":{"rendered":"\t\t<div data-elementor-type=\"wp-page\" data-elementor-id=\"2527\" class=\"elementor elementor-2527 elementor-1034\" data-elementor-post-type=\"page\">\n\t\t\t\t<div class=\"elementor-element elementor-element-1d951fb e-flex e-con-boxed e-con e-parent\" data-id=\"1d951fb\" data-element_type=\"container\" data-e-type=\"container\" data-settings=\"{&quot;background_background&quot;:&quot;classic&quot;}\">\n\t\t\t\t\t<div class=\"e-con-inner\">\n\t\t\t\t<div class=\"elementor-element elementor-element-f104d6a elementor-widget elementor-widget-heading\" data-id=\"f104d6a\" data-element_type=\"widget\" data-e-type=\"widget\" data-widget_type=\"heading.default\">\n\t\t\t\t<div class=\"elementor-widget-container\">\n\t\t\t\t\t<h1 class=\"elementor-heading-title elementor-size-default\">Filtration<\/h1>\t\t\t\t<\/div>\n\t\t\t\t<\/div>\n\t\t\t\t<div class=\"elementor-element elementor-element-f3461c3 elementor-widget__width-initial elementor-widget elementor-widget-text-editor\" data-id=\"f3461c3\" data-element_type=\"widget\" data-e-type=\"widget\" data-widget_type=\"text-editor.default\">\n\t\t\t\t<div class=\"elementor-widget-container\">\n\t\t\t\t\t\t\t\t\tEin Sortiment zur Entfernung von Bearbeitungsr\u00fcckst\u00e4nden und Partikeln aus Emulsionen oder reinem \u00d6l. Die Filtersysteme MAX f\u00fcr die Aufbereitung von Industriefl\u00fcssigkeiten und die Entfernung von schweren Partikeln in diesen Fl\u00fcssigkeiten sind auf Effizienz ausgelegt.\t\t\t\t\t\t\t\t<\/div>\n\t\t\t\t<\/div>\n\t\t\t\t\t<\/div>\n\t\t\t\t<\/div>\n\t\t<div class=\"elementor-element elementor-element-760fc66 e-flex e-con-boxed e-con e-child\" data-id=\"760fc66\" data-element_type=\"container\" data-e-type=\"container\">\n\t\t\t\t\t<div class=\"e-con-inner\">\n\t\t\t\t<div class=\"elementor-element elementor-element-b1c207a elementor-widget-divider--view-line elementor-widget elementor-widget-divider\" data-id=\"b1c207a\" data-element_type=\"widget\" data-e-type=\"widget\" data-widget_type=\"divider.default\">\n\t\t\t\t<div class=\"elementor-widget-container\">\n\t\t\t\t\t\t\t<div class=\"elementor-divider\">\n\t\t\t<span class=\"elementor-divider-separator\">\n\t\t\t\t\t\t<\/span>\n\t\t<\/div>\n\t\t\t\t\t\t<\/div>\n\t\t\t\t<\/div>\n\t\t\t\t<div class=\"elementor-element elementor-element-e188364 elementor-widget elementor-widget-heading\" data-id=\"e188364\" data-element_type=\"widget\" data-e-type=\"widget\" data-widget_type=\"heading.default\">\n\t\t\t\t<div class=\"elementor-widget-container\">\n\t\t\t\t\t<h2 class=\"elementor-heading-title elementor-size-default\">Entdecken Sie das Sortiment an Filtern und Absaugern MAX<\/h2>\t\t\t\t<\/div>\n\t\t\t\t<\/div>\n\t\t\t\t\t<\/div>\n\t\t\t\t<\/div>\n\t\t<div class=\"elementor-element elementor-element-1e8caa7 e-flex e-con-boxed e-con e-parent\" data-id=\"1e8caa7\" data-element_type=\"container\" data-e-type=\"container\">\n\t\t\t\t\t<div class=\"e-con-inner\">\n\t\t\t\t<div class=\"elementor-element elementor-element-551134d elementor-grid-2 elementor-grid-tablet-2 elementor-grid-mobile-1 elementor-widget elementor-widget-loop-grid\" data-id=\"551134d\" data-element_type=\"widget\" data-e-type=\"widget\" data-settings=\"{&quot;template_id&quot;:815,&quot;row_gap&quot;:{&quot;unit&quot;:&quot;px&quot;,&quot;size&quot;:40,&quot;sizes&quot;:[]},&quot;columns&quot;:2,&quot;_skin&quot;:&quot;post&quot;,&quot;columns_tablet&quot;:&quot;2&quot;,&quot;columns_mobile&quot;:&quot;1&quot;,&quot;edit_handle_selector&quot;:&quot;[data-elementor-type=\\&quot;loop-item\\&quot;]&quot;,&quot;row_gap_tablet&quot;:{&quot;unit&quot;:&quot;px&quot;,&quot;size&quot;:&quot;&quot;,&quot;sizes&quot;:[]},&quot;row_gap_mobile&quot;:{&quot;unit&quot;:&quot;px&quot;,&quot;size&quot;:&quot;&quot;,&quot;sizes&quot;:[]}}\" data-widget_type=\"loop-grid.post\">\n\t\t\t\t<div class=\"elementor-widget-container\">\n\t\t\t\t\t\t\t<div class=\"elementor-loop-container elementor-grid\" role=\"list\">\n\t\t<style id=\"loop-815\">.elementor-815 .elementor-element.elementor-element-6bf4da9{--display:flex;--flex-direction:column;--container-widget-width:100%;--container-widget-height:initial;--container-widget-flex-grow:0;--container-widget-align-self:initial;--flex-wrap-mobile:wrap;--border-radius:20px 20px 20px 20px;box-shadow:0px 0px 10px 0px rgba(109, 109, 109, 0.2);--padding-top:2rem;--padding-bottom:2rem;--padding-left:2rem;--padding-right:2rem;}.elementor-815 .elementor-element.elementor-element-6bf4da9:not(.elementor-motion-effects-element-type-background), .elementor-815 .elementor-element.elementor-element-6bf4da9 > .elementor-motion-effects-container > .elementor-motion-effects-layer{background-color:var( --e-global-color-16e45f4 );}.elementor-widget-theme-post-featured-image .widget-image-caption{color:var( --e-global-color-text );font-family:var( --e-global-typography-text-font-family ), Sans-serif;font-size:var( --e-global-typography-text-font-size );font-weight:var( --e-global-typography-text-font-weight );line-height:var( --e-global-typography-text-line-height );}.elementor-815 .elementor-element.elementor-element-31e1fbd img{height:200px;object-fit:contain;object-position:center center;}.elementor-widget-theme-post-title .elementor-heading-title{font-family:var( --e-global-typography-primary-font-family ), Sans-serif;font-weight:var( --e-global-typography-primary-font-weight );line-height:var( --e-global-typography-primary-line-height );color:var( --e-global-color-primary );}.elementor-815 .elementor-element.elementor-element-de8e52a{text-align:center;}.elementor-815 .elementor-element.elementor-element-de8e52a .elementor-heading-title{font-family:var( --e-global-typography-dbd81f8-font-family ), Sans-serif;font-size:var( --e-global-typography-dbd81f8-font-size );font-weight:var( --e-global-typography-dbd81f8-font-weight );line-height:var( --e-global-typography-dbd81f8-line-height );letter-spacing:var( --e-global-typography-dbd81f8-letter-spacing );word-spacing:var( --e-global-typography-dbd81f8-word-spacing );}.elementor-widget-theme-post-excerpt .elementor-widget-container{font-family:var( --e-global-typography-text-font-family ), Sans-serif;font-size:var( --e-global-typography-text-font-size );font-weight:var( --e-global-typography-text-font-weight );line-height:var( --e-global-typography-text-line-height );color:var( --e-global-color-text );}.elementor-815 .elementor-element.elementor-element-e6ba5e3 .elementor-widget-container{text-align:center;}@media(max-width:1024px){.elementor-widget-theme-post-featured-image .widget-image-caption{font-size:var( --e-global-typography-text-font-size );line-height:var( --e-global-typography-text-line-height );}.elementor-widget-theme-post-title .elementor-heading-title{line-height:var( --e-global-typography-primary-line-height );}.elementor-815 .elementor-element.elementor-element-de8e52a .elementor-heading-title{font-size:var( --e-global-typography-dbd81f8-font-size );line-height:var( --e-global-typography-dbd81f8-line-height );letter-spacing:var( --e-global-typography-dbd81f8-letter-spacing );word-spacing:var( --e-global-typography-dbd81f8-word-spacing );}.elementor-widget-theme-post-excerpt .elementor-widget-container{font-size:var( --e-global-typography-text-font-size );line-height:var( --e-global-typography-text-line-height );}}@media(max-width:767px){.elementor-widget-theme-post-featured-image .widget-image-caption{font-size:var( --e-global-typography-text-font-size );line-height:var( --e-global-typography-text-line-height );}.elementor-widget-theme-post-title .elementor-heading-title{line-height:var( --e-global-typography-primary-line-height );}.elementor-815 .elementor-element.elementor-element-de8e52a .elementor-heading-title{font-size:var( --e-global-typography-dbd81f8-font-size );line-height:var( --e-global-typography-dbd81f8-line-height );letter-spacing:var( --e-global-typography-dbd81f8-letter-spacing );word-spacing:var( --e-global-typography-dbd81f8-word-spacing );}.elementor-widget-theme-post-excerpt .elementor-widget-container{font-size:var( --e-global-typography-text-font-size );line-height:var( --e-global-typography-text-line-height );}}<\/style>\t\t<div data-elementor-type=\"loop-item\" data-elementor-id=\"815\" class=\"elementor elementor-815 e-loop-item e-loop-item-3087 post-3087 le-linee type-le-linee status-publish has-post-thumbnail hentry categoria-filtrazione-de\" data-elementor-post-type=\"elementor_library\" data-custom-edit-handle=\"1\">\n\t\t\t<a class=\"elementor-element elementor-element-6bf4da9 e-flex e-con-boxed e-con e-parent\" data-id=\"6bf4da9\" data-element_type=\"container\" data-e-type=\"container\" data-settings=\"{&quot;background_background&quot;:&quot;classic&quot;}\" href=\"https:\/\/maxildisoleatore.it\/de\/le-linee\/max-cyclone-100\/\">\n\t\t\t\t\t<div class=\"e-con-inner\">\n\t\t\t\t<div class=\"elementor-element elementor-element-31e1fbd elementor-widget elementor-widget-theme-post-featured-image elementor-widget-image\" data-id=\"31e1fbd\" data-element_type=\"widget\" data-e-type=\"widget\" data-widget_type=\"theme-post-featured-image.default\">\n\t\t\t\t<div class=\"elementor-widget-container\">\n\t\t\t\t\t\t\t\t\t\t\t\t\t\t\t<img fetchpriority=\"high\" decoding=\"async\" width=\"1200\" height=\"1200\" src=\"https:\/\/maxildisoleatore.it\/wp-content\/uploads\/MAX_il_disoleatore-MAX-CYCLONE-100.jpg\" class=\"attachment-large size-large wp-image-2169\" alt=\"\" srcset=\"https:\/\/maxildisoleatore.it\/wp-content\/uploads\/MAX_il_disoleatore-MAX-CYCLONE-100.jpg 1200w, https:\/\/maxildisoleatore.it\/wp-content\/uploads\/MAX_il_disoleatore-MAX-CYCLONE-100-768x768.jpg 768w\" sizes=\"(max-width: 1200px) 100vw, 1200px\" \/>\t\t\t\t\t\t\t\t\t\t\t\t\t\t\t<\/div>\n\t\t\t\t<\/div>\n\t\t\t\t<div class=\"elementor-element elementor-element-de8e52a elementor-widget elementor-widget-theme-post-title elementor-page-title elementor-widget-heading\" data-id=\"de8e52a\" data-element_type=\"widget\" data-e-type=\"widget\" data-widget_type=\"theme-post-title.default\">\n\t\t\t\t<div class=\"elementor-widget-container\">\n\t\t\t\t\t<h3 class=\"elementor-heading-title elementor-size-default\">MAX CYCLONE 100<\/h3>\t\t\t\t<\/div>\n\t\t\t\t<\/div>\n\t\t\t\t<div class=\"elementor-element elementor-element-e6ba5e3 elementor-widget elementor-widget-theme-post-excerpt\" data-id=\"e6ba5e3\" data-element_type=\"widget\" data-e-type=\"widget\" data-widget_type=\"theme-post-excerpt.default\">\n\t\t\t\t<div class=\"elementor-widget-container\">\n\t\t\t\t\tZum Absaugen und Trennen von Sp\u00e4nen und Schlamm aus der Emulsion und\/oder aus reinem \u00d6l.\t\t\t\t<\/div>\n\t\t\t\t<\/div>\n\t\t\t\t\t<\/div>\n\t\t\t\t<\/a>\n\t\t\t\t<\/div>\n\t\t\t\t<div data-elementor-type=\"loop-item\" data-elementor-id=\"815\" class=\"elementor elementor-815 e-loop-item e-loop-item-3075 post-3075 le-linee type-le-linee status-publish has-post-thumbnail hentry categoria-filtrazione-de\" data-elementor-post-type=\"elementor_library\" data-custom-edit-handle=\"1\">\n\t\t\t<a class=\"elementor-element elementor-element-6bf4da9 e-flex e-con-boxed e-con e-parent\" data-id=\"6bf4da9\" data-element_type=\"container\" data-e-type=\"container\" data-settings=\"{&quot;background_background&quot;:&quot;classic&quot;}\" href=\"https:\/\/maxildisoleatore.it\/de\/le-linee\/max-cyclone-250\/\">\n\t\t\t\t\t<div class=\"e-con-inner\">\n\t\t\t\t<div class=\"elementor-element elementor-element-31e1fbd elementor-widget elementor-widget-theme-post-featured-image elementor-widget-image\" data-id=\"31e1fbd\" data-element_type=\"widget\" data-e-type=\"widget\" data-widget_type=\"theme-post-featured-image.default\">\n\t\t\t\t<div class=\"elementor-widget-container\">\n\t\t\t\t\t\t\t\t\t\t\t\t\t\t\t<img decoding=\"async\" width=\"1200\" height=\"1200\" src=\"https:\/\/maxildisoleatore.it\/wp-content\/uploads\/MAX_il_disoleatore-MAX-CYCLONE-250.jpg\" class=\"attachment-large size-large wp-image-2154\" alt=\"\" srcset=\"https:\/\/maxildisoleatore.it\/wp-content\/uploads\/MAX_il_disoleatore-MAX-CYCLONE-250.jpg 1200w, https:\/\/maxildisoleatore.it\/wp-content\/uploads\/MAX_il_disoleatore-MAX-CYCLONE-250-768x768.jpg 768w\" sizes=\"(max-width: 1200px) 100vw, 1200px\" \/>\t\t\t\t\t\t\t\t\t\t\t\t\t\t\t<\/div>\n\t\t\t\t<\/div>\n\t\t\t\t<div class=\"elementor-element elementor-element-de8e52a elementor-widget elementor-widget-theme-post-title elementor-page-title elementor-widget-heading\" data-id=\"de8e52a\" data-element_type=\"widget\" data-e-type=\"widget\" data-widget_type=\"theme-post-title.default\">\n\t\t\t\t<div class=\"elementor-widget-container\">\n\t\t\t\t\t<h3 class=\"elementor-heading-title elementor-size-default\">MAX CYCLONE 250<\/h3>\t\t\t\t<\/div>\n\t\t\t\t<\/div>\n\t\t\t\t<div class=\"elementor-element elementor-element-e6ba5e3 elementor-widget elementor-widget-theme-post-excerpt\" data-id=\"e6ba5e3\" data-element_type=\"widget\" data-e-type=\"widget\" data-widget_type=\"theme-post-excerpt.default\">\n\t\t\t\t<div class=\"elementor-widget-container\">\n\t\t\t\t\tZum Absaugen und Trennen von Sp\u00e4nen und Schlamm, gleichzeitiges Abpumpen der gefilterten Fl\u00fcssigkeiten.\t\t\t\t<\/div>\n\t\t\t\t<\/div>\n\t\t\t\t\t<\/div>\n\t\t\t\t<\/a>\n\t\t\t\t<\/div>\n\t\t\t\t<div data-elementor-type=\"loop-item\" data-elementor-id=\"815\" class=\"elementor elementor-815 e-loop-item e-loop-item-2734 post-2734 le-linee type-le-linee status-publish has-post-thumbnail hentry categoria-filtrazione-de\" data-elementor-post-type=\"elementor_library\" data-custom-edit-handle=\"1\">\n\t\t\t<a class=\"elementor-element elementor-element-6bf4da9 e-flex e-con-boxed e-con e-parent\" data-id=\"6bf4da9\" data-element_type=\"container\" data-e-type=\"container\" data-settings=\"{&quot;background_background&quot;:&quot;classic&quot;}\" href=\"https:\/\/maxildisoleatore.it\/de\/le-linee\/max-filter-serie-m\/\">\n\t\t\t\t\t<div class=\"e-con-inner\">\n\t\t\t\t<div class=\"elementor-element elementor-element-31e1fbd elementor-widget elementor-widget-theme-post-featured-image elementor-widget-image\" data-id=\"31e1fbd\" data-element_type=\"widget\" data-e-type=\"widget\" data-widget_type=\"theme-post-featured-image.default\">\n\t\t\t\t<div class=\"elementor-widget-container\">\n\t\t\t\t\t\t\t\t\t\t\t\t\t\t\t<img decoding=\"async\" width=\"1200\" height=\"1200\" src=\"https:\/\/maxildisoleatore.it\/wp-content\/uploads\/MAX_il_disoleatore-FILTER-serie-M_02.jpg\" class=\"attachment-large size-large wp-image-2142\" alt=\"\" srcset=\"https:\/\/maxildisoleatore.it\/wp-content\/uploads\/MAX_il_disoleatore-FILTER-serie-M_02.jpg 1200w, https:\/\/maxildisoleatore.it\/wp-content\/uploads\/MAX_il_disoleatore-FILTER-serie-M_02-768x768.jpg 768w\" sizes=\"(max-width: 1200px) 100vw, 1200px\" \/>\t\t\t\t\t\t\t\t\t\t\t\t\t\t\t<\/div>\n\t\t\t\t<\/div>\n\t\t\t\t<div class=\"elementor-element elementor-element-de8e52a elementor-widget elementor-widget-theme-post-title elementor-page-title elementor-widget-heading\" data-id=\"de8e52a\" data-element_type=\"widget\" data-e-type=\"widget\" data-widget_type=\"theme-post-title.default\">\n\t\t\t\t<div class=\"elementor-widget-container\">\n\t\t\t\t\t<h3 class=\"elementor-heading-title elementor-size-default\">MAX FILTER serie M<\/h3>\t\t\t\t<\/div>\n\t\t\t\t<\/div>\n\t\t\t\t<div class=\"elementor-element elementor-element-e6ba5e3 elementor-widget elementor-widget-theme-post-excerpt\" data-id=\"e6ba5e3\" data-element_type=\"widget\" data-e-type=\"widget\" data-widget_type=\"theme-post-excerpt.default\">\n\t\t\t\t<div class=\"elementor-widget-container\">\n\t\t\t\t\tZum Auffangen von Eisenpartikeln, auch Staub.\t\t\t\t<\/div>\n\t\t\t\t<\/div>\n\t\t\t\t\t<\/div>\n\t\t\t\t<\/a>\n\t\t\t\t<\/div>\n\t\t\t\t<div data-elementor-type=\"loop-item\" data-elementor-id=\"815\" class=\"elementor elementor-815 e-loop-item e-loop-item-2733 post-2733 le-linee type-le-linee status-publish has-post-thumbnail hentry categoria-filtrazione-de\" data-elementor-post-type=\"elementor_library\" data-custom-edit-handle=\"1\">\n\t\t\t<a class=\"elementor-element elementor-element-6bf4da9 e-flex e-con-boxed e-con e-parent\" data-id=\"6bf4da9\" data-element_type=\"container\" data-e-type=\"container\" data-settings=\"{&quot;background_background&quot;:&quot;classic&quot;}\" href=\"https:\/\/maxildisoleatore.it\/de\/le-linee\/max-filter-serie-t\/\">\n\t\t\t\t\t<div class=\"e-con-inner\">\n\t\t\t\t<div class=\"elementor-element elementor-element-31e1fbd elementor-widget elementor-widget-theme-post-featured-image elementor-widget-image\" data-id=\"31e1fbd\" data-element_type=\"widget\" data-e-type=\"widget\" data-widget_type=\"theme-post-featured-image.default\">\n\t\t\t\t<div class=\"elementor-widget-container\">\n\t\t\t\t\t\t\t\t\t\t\t\t\t\t\t<img loading=\"lazy\" decoding=\"async\" width=\"1200\" height=\"1200\" src=\"https:\/\/maxildisoleatore.it\/wp-content\/uploads\/MAX_il_disoleatore-FILTER-serie-T.jpg\" class=\"attachment-large size-large wp-image-2088\" alt=\"\" srcset=\"https:\/\/maxildisoleatore.it\/wp-content\/uploads\/MAX_il_disoleatore-FILTER-serie-T.jpg 1200w, https:\/\/maxildisoleatore.it\/wp-content\/uploads\/MAX_il_disoleatore-FILTER-serie-T-768x768.jpg 768w\" sizes=\"(max-width: 1200px) 100vw, 1200px\" \/>\t\t\t\t\t\t\t\t\t\t\t\t\t\t\t<\/div>\n\t\t\t\t<\/div>\n\t\t\t\t<div class=\"elementor-element elementor-element-de8e52a elementor-widget elementor-widget-theme-post-title elementor-page-title elementor-widget-heading\" data-id=\"de8e52a\" data-element_type=\"widget\" data-e-type=\"widget\" data-widget_type=\"theme-post-title.default\">\n\t\t\t\t<div class=\"elementor-widget-container\">\n\t\t\t\t\t<h3 class=\"elementor-heading-title elementor-size-default\">MAX FILTER serie T<\/h3>\t\t\t\t<\/div>\n\t\t\t\t<\/div>\n\t\t\t\t<div class=\"elementor-element elementor-element-e6ba5e3 elementor-widget elementor-widget-theme-post-excerpt\" data-id=\"e6ba5e3\" data-element_type=\"widget\" data-e-type=\"widget\" data-widget_type=\"theme-post-excerpt.default\">\n\t\t\t\t<div class=\"elementor-widget-container\">\n\t\t\t\t\tZum Auffangen von schweren R\u00fcckst\u00e4nden und Abf\u00e4llen.\t\t\t\t<\/div>\n\t\t\t\t<\/div>\n\t\t\t\t\t<\/div>\n\t\t\t\t<\/a>\n\t\t\t\t<\/div>\n\t\t\t\t<\/div>\n\t\t\n\t\t\t\t\t\t<\/div>\n\t\t\t\t<\/div>\n\t\t\t\t\t<\/div>\n\t\t\t\t<\/div>\n\t\t<div class=\"elementor-element elementor-element-64ee48f e-con-full e-flex e-con e-child\" data-id=\"64ee48f\" data-element_type=\"container\" data-e-type=\"container\" data-settings=\"{&quot;background_background&quot;:&quot;classic&quot;}\">\n\t\t\t\t<div class=\"elementor-element elementor-element-574a2d1 elementor-view-default elementor-widget elementor-widget-icon\" data-id=\"574a2d1\" data-element_type=\"widget\" data-e-type=\"widget\" data-widget_type=\"icon.default\">\n\t\t\t\t<div class=\"elementor-widget-container\">\n\t\t\t\t\t\t\t<div class=\"elementor-icon-wrapper\">\n\t\t\t<div class=\"elementor-icon\">\n\t\t\t<svg aria-hidden=\"true\" class=\"e-font-icon-svg e-fas-info-circle\" viewBox=\"0 0 512 512\" xmlns=\"http:\/\/www.w3.org\/2000\/svg\"><path d=\"M256 8C119.043 8 8 119.083 8 256c0 136.997 111.043 248 248 248s248-111.003 248-248C504 119.083 392.957 8 256 8zm0 110c23.196 0 42 18.804 42 42s-18.804 42-42 42-42-18.804-42-42 18.804-42 42-42zm56 254c0 6.627-5.373 12-12 12h-88c-6.627 0-12-5.373-12-12v-24c0-6.627 5.373-12 12-12h12v-64h-12c-6.627 0-12-5.373-12-12v-24c0-6.627 5.373-12 12-12h64c6.627 0 12 5.373 12 12v100h12c6.627 0 12 5.373 12 12v24z\"><\/path><\/svg>\t\t\t<\/div>\n\t\t<\/div>\n\t\t\t\t\t\t<\/div>\n\t\t\t\t<\/div>\n\t\t\t\t<div class=\"elementor-element elementor-element-4834fa7 elementor-widget elementor-widget-heading\" data-id=\"4834fa7\" data-element_type=\"widget\" data-e-type=\"widget\" data-widget_type=\"heading.default\">\n\t\t\t\t<div class=\"elementor-widget-container\">\n\t\t\t\t\t<h3 class=\"elementor-heading-title elementor-size-default\">Im Falle von gemischtem Abfall k\u00f6nnen die beiden Filter kombiniert werden<\/h3>\t\t\t\t<\/div>\n\t\t\t\t<\/div>\n\t\t\t\t<\/div>\n\t\t\t\t<\/div>\n\t\t","protected":false},"excerpt":{"rendered":"<p>Filtration Ein Sortiment zur Entfernung von Bearbeitungsr\u00fcckst\u00e4nden und Partikeln aus Emulsionen oder reinem \u00d6l. Die Filtersysteme MAX f\u00fcr die Aufbereitung von Industriefl\u00fcssigkeiten und die Entfernung von schweren Partikeln in diesen Fl\u00fcssigkeiten sind auf Effizienz ausgelegt. Entdecken Sie das Sortiment an Filtern und Absaugern MAX Im Falle von gemischtem Abfall k\u00f6nnen die beiden Filter kombiniert werden<\/p>\n","protected":false},"author":1,"featured_media":0,"parent":0,"menu_order":0,"comment_status":"closed","ping_status":"closed","template":"elementor_header_footer","meta":{"footnotes":""},"class_list":["post-2527","page","type-page","status-publish","hentry"],"_links":{"self":[{"href":"https:\/\/maxildisoleatore.it\/de\/wp-json\/wp\/v2\/pages\/2527","targetHints":{"allow":["GET"]}}],"collection":[{"href":"https:\/\/maxildisoleatore.it\/de\/wp-json\/wp\/v2\/pages"}],"about":[{"href":"https:\/\/maxildisoleatore.it\/de\/wp-json\/wp\/v2\/types\/page"}],"author":[{"embeddable":true,"href":"https:\/\/maxildisoleatore.it\/de\/wp-json\/wp\/v2\/users\/1"}],"replies":[{"embeddable":true,"href":"https:\/\/maxildisoleatore.it\/de\/wp-json\/wp\/v2\/comments?post=2527"}],"version-history":[{"count":4,"href":"https:\/\/maxildisoleatore.it\/de\/wp-json\/wp\/v2\/pages\/2527\/revisions"}],"predecessor-version":[{"id":2919,"href":"https:\/\/maxildisoleatore.it\/de\/wp-json\/wp\/v2\/pages\/2527\/revisions\/2919"}],"wp:attachment":[{"href":"https:\/\/maxildisoleatore.it\/de\/wp-json\/wp\/v2\/media?parent=2527"}],"curies":[{"name":"wp","href":"https:\/\/api.w.org\/{rel}","templated":true}]}}