{"id":2492,"date":"2024-04-10T09:41:11","date_gmt":"2024-04-10T09:41:11","guid":{"rendered":"https:\/\/maxildisoleatore.it\/post-vendita\/"},"modified":"2024-09-25T18:19:56","modified_gmt":"2024-09-25T18:19:56","slug":"post-vendita","status":"publish","type":"page","link":"https:\/\/maxildisoleatore.it\/de\/post-vendita\/","title":{"rendered":"Kundendienst"},"content":{"rendered":"\t\t<div data-elementor-type=\"wp-page\" data-elementor-id=\"2492\" class=\"elementor elementor-2492 elementor-453\" data-elementor-post-type=\"page\">\n\t\t\t\t<div class=\"elementor-element elementor-element-ef8563c e-flex e-con-boxed e-con e-parent\" data-id=\"ef8563c\" data-element_type=\"container\" data-e-type=\"container\" data-settings=\"{&quot;background_background&quot;:&quot;classic&quot;}\">\n\t\t\t\t\t<div class=\"e-con-inner\">\n\t\t\t\t<div class=\"elementor-element elementor-element-c493d58 elementor-widget elementor-widget-heading\" data-id=\"c493d58\" data-element_type=\"widget\" data-e-type=\"widget\" data-widget_type=\"heading.default\">\n\t\t\t\t<div class=\"elementor-widget-container\">\n\t\t\t\t\t<h1 class=\"elementor-heading-title elementor-size-default\">Kundendienst<\/h1>\t\t\t\t<\/div>\n\t\t\t\t<\/div>\n\t\t\t\t\t<\/div>\n\t\t\t\t<\/div>\n\t\t<div class=\"elementor-element elementor-element-4d7fd83 e-flex e-con-boxed e-con e-parent\" data-id=\"4d7fd83\" data-element_type=\"container\" data-e-type=\"container\">\n\t\t\t\t\t<div class=\"e-con-inner\">\n\t\t<div class=\"elementor-element elementor-element-f03132d e-con-full e-flex e-con e-child\" data-id=\"f03132d\" data-element_type=\"container\" data-e-type=\"container\">\n\t\t\t\t<div class=\"elementor-element elementor-element-28c968f elementor-widget-divider--view-line elementor-widget elementor-widget-divider\" data-id=\"28c968f\" data-element_type=\"widget\" data-e-type=\"widget\" data-widget_type=\"divider.default\">\n\t\t\t\t<div class=\"elementor-widget-container\">\n\t\t\t\t\t\t\t<div class=\"elementor-divider\">\n\t\t\t<span class=\"elementor-divider-separator\">\n\t\t\t\t\t\t<\/span>\n\t\t<\/div>\n\t\t\t\t\t\t<\/div>\n\t\t\t\t<\/div>\n\t\t\t\t<div class=\"elementor-element elementor-element-7dbff49 elementor-widget elementor-widget-heading\" data-id=\"7dbff49\" data-element_type=\"widget\" data-e-type=\"widget\" data-widget_type=\"heading.default\">\n\t\t\t\t<div class=\"elementor-widget-container\">\n\t\t\t\t\t<h2 class=\"elementor-heading-title elementor-size-default\">Die Verwaltung der \u00d6lskimmer<\/h2>\t\t\t\t<\/div>\n\t\t\t\t<\/div>\n\t\t\t\t<div class=\"elementor-element elementor-element-e284fe0 elementor-widget elementor-widget-text-editor\" data-id=\"e284fe0\" data-element_type=\"widget\" data-e-type=\"widget\" data-widget_type=\"text-editor.default\">\n\t\t\t\t<div class=\"elementor-widget-container\">\n\t\t\t\t\t\t\t\t\t<p>Um die hohe Leistung aufrechtzuerhalten und die Lebensdauer der Produkte weiter zu verbessern, haben wir einen <strong> Kundendienst <\/strong> entwickelt, der Unternehmen bei der Wartung von \u00d6lskimmern unterst\u00fctzt.<\/p><p>Die \u00d6lskimmer MAX m\u00fcssen nur <strong> routinem\u00e4\u00dfig gereinigt <\/strong> werden, und die Auswahl der Materialien macht sie robust und langlebig.<\/p><p>Die Fertigung und Montage der \u00d6lskimmer im eigenen Haus gew\u00e4hrleistet:<\/p><ul><li><b>Sofortige Verf\u00fcgbarkeit<\/b> von Original-Ersatzteilen mit Garantie auf Lager;<\/li><li><b>Reparaturen<\/b> innerhalb k\u00fcrzester Zeit;<\/li><li>Nur <b> erfahrene <\/b> und geschulte <strong>Techniker<\/strong>, die das Produkt genau kennen, reparieren und warten das Ger\u00e4t.<\/li><\/ul>\t\t\t\t\t\t\t\t<\/div>\n\t\t\t\t<\/div>\n\t\t\t\t<\/div>\n\t\t<div class=\"elementor-element elementor-element-ccde546 e-con-full e-flex e-con e-child\" data-id=\"ccde546\" data-element_type=\"container\" data-e-type=\"container\">\n\t\t\t\t<div class=\"elementor-element elementor-element-4d568ca elementor-widget elementor-widget-image\" data-id=\"4d568ca\" data-element_type=\"widget\" data-e-type=\"widget\" data-widget_type=\"image.default\">\n\t\t\t\t<div class=\"elementor-widget-container\">\n\t\t\t\t\t\t\t\t\t\t\t\t\t\t\t<img fetchpriority=\"high\" decoding=\"async\" width=\"1200\" height=\"800\" src=\"https:\/\/maxildisoleatore.it\/wp-content\/uploads\/MAX_il_disoleatore-DSCF0808.jpg\" class=\"attachment-large size-large wp-image-1953\" alt=\"\" srcset=\"https:\/\/maxildisoleatore.it\/wp-content\/uploads\/MAX_il_disoleatore-DSCF0808.jpg 1200w, https:\/\/maxildisoleatore.it\/wp-content\/uploads\/MAX_il_disoleatore-DSCF0808-768x512.jpg 768w\" sizes=\"(max-width: 1200px) 100vw, 1200px\" \/>\t\t\t\t\t\t\t\t\t\t\t\t\t\t\t<\/div>\n\t\t\t\t<\/div>\n\t\t<div class=\"elementor-element elementor-element-31aa49a e-con-full e-transform e-flex e-con e-child\" data-id=\"31aa49a\" data-element_type=\"container\" data-e-type=\"container\" data-settings=\"{&quot;background_background&quot;:&quot;classic&quot;,&quot;_transform_translateX_effect&quot;:{&quot;unit&quot;:&quot;px&quot;,&quot;size&quot;:-51,&quot;sizes&quot;:[]},&quot;_transform_translateY_effect&quot;:{&quot;unit&quot;:&quot;px&quot;,&quot;size&quot;:-77,&quot;sizes&quot;:[]},&quot;_transform_translateX_effect_tablet&quot;:{&quot;unit&quot;:&quot;px&quot;,&quot;size&quot;:0,&quot;sizes&quot;:[]},&quot;_transform_translateY_effect_tablet&quot;:{&quot;unit&quot;:&quot;px&quot;,&quot;size&quot;:0,&quot;sizes&quot;:[]},&quot;_transform_translateX_effect_mobile&quot;:{&quot;unit&quot;:&quot;px&quot;,&quot;size&quot;:&quot;&quot;,&quot;sizes&quot;:[]},&quot;_transform_translateY_effect_mobile&quot;:{&quot;unit&quot;:&quot;px&quot;,&quot;size&quot;:&quot;&quot;,&quot;sizes&quot;:[]}}\">\n\t\t\t\t<div class=\"elementor-element elementor-element-28b5763 elementor-widget elementor-widget-heading\" data-id=\"28b5763\" data-element_type=\"widget\" data-e-type=\"widget\" data-widget_type=\"heading.default\">\n\t\t\t\t<div class=\"elementor-widget-container\">\n\t\t\t\t\t<h4 class=\"elementor-heading-title elementor-size-default\">Die \u00d6lskimmer MAX werden vollst\u00e4ndig in unserer Werkstatt hergestellt und montiert.<\/h4>\t\t\t\t<\/div>\n\t\t\t\t<\/div>\n\t\t\t\t<\/div>\n\t\t\t\t<\/div>\n\t\t\t\t\t<\/div>\n\t\t\t\t<\/div>\n\t\t<div class=\"elementor-element elementor-element-3515302 e-flex e-con-boxed e-con e-parent\" data-id=\"3515302\" data-element_type=\"container\" data-e-type=\"container\" data-settings=\"{&quot;background_background&quot;:&quot;classic&quot;}\">\n\t\t\t\t\t<div class=\"e-con-inner\">\n\t\t<div class=\"elementor-element elementor-element-2550793 e-con-full e-flex e-con e-child\" data-id=\"2550793\" data-element_type=\"container\" data-e-type=\"container\" data-settings=\"{&quot;background_background&quot;:&quot;classic&quot;}\">\n\t\t\t\t<div class=\"elementor-element elementor-element-ec16092 elementor-widget elementor-widget-heading\" data-id=\"ec16092\" data-element_type=\"widget\" data-e-type=\"widget\" data-widget_type=\"heading.default\">\n\t\t\t\t<div class=\"elementor-widget-container\">\n\t\t\t\t\t<h3 class=\"elementor-heading-title elementor-size-default\">Programmierte ordentliche Wartung<\/h3>\t\t\t\t<\/div>\n\t\t\t\t<\/div>\n\t\t\t\t<div class=\"elementor-element elementor-element-ef562ac elementor-widget-divider--view-line elementor-widget elementor-widget-divider\" data-id=\"ef562ac\" data-element_type=\"widget\" data-e-type=\"widget\" data-widget_type=\"divider.default\">\n\t\t\t\t<div class=\"elementor-widget-container\">\n\t\t\t\t\t\t\t<div class=\"elementor-divider\">\n\t\t\t<span class=\"elementor-divider-separator\">\n\t\t\t\t\t\t<\/span>\n\t\t<\/div>\n\t\t\t\t\t\t<\/div>\n\t\t\t\t<\/div>\n\t\t\t\t<div class=\"elementor-element elementor-element-9a5dd6b elementor-widget elementor-widget-text-editor\" data-id=\"9a5dd6b\" data-element_type=\"widget\" data-e-type=\"widget\" data-widget_type=\"text-editor.default\">\n\t\t\t\t<div class=\"elementor-widget-container\">\n\t\t\t\t\t\t\t\t\t<p>Programmierte Wartung Wir bieten einen <strong>regelm\u00e4\u00dfigen Wartungsservice<\/strong> entsprechend den Kundenanforderungen.<\/p><p>Unsere Techniker kommen in das Unternehmen, um die installierten <strong>\u00d6lskimmer<\/strong><strong>\u00a0zu reinigen<\/strong>, ihre Funktionst\u00fcchtigkeit zu \u00fcberpr\u00fcfen und eventuelle Reparaturen durchzuf\u00fchren.\u2028Reparaturarbeiten durchzuf\u00fchren.<\/p>\t\t\t\t\t\t\t\t<\/div>\n\t\t\t\t<\/div>\n\t\t\t\t<\/div>\n\t\t<div class=\"elementor-element elementor-element-2d5707c e-con-full e-flex e-con e-child\" data-id=\"2d5707c\" data-element_type=\"container\" data-e-type=\"container\" data-settings=\"{&quot;background_background&quot;:&quot;classic&quot;}\">\n\t\t\t\t<div class=\"elementor-element elementor-element-ef10fa8 elementor-widget elementor-widget-heading\" data-id=\"ef10fa8\" data-element_type=\"widget\" data-e-type=\"widget\" data-widget_type=\"heading.default\">\n\t\t\t\t<div class=\"elementor-widget-container\">\n\t\t\t\t\t<h3 class=\"elementor-heading-title elementor-size-default\">Au\u00dferordentliche Wartung<\/h3>\t\t\t\t<\/div>\n\t\t\t\t<\/div>\n\t\t\t\t<div class=\"elementor-element elementor-element-4435290 elementor-widget-divider--view-line elementor-widget elementor-widget-divider\" data-id=\"4435290\" data-element_type=\"widget\" data-e-type=\"widget\" data-widget_type=\"divider.default\">\n\t\t\t\t<div class=\"elementor-widget-container\">\n\t\t\t\t\t\t\t<div class=\"elementor-divider\">\n\t\t\t<span class=\"elementor-divider-separator\">\n\t\t\t\t\t\t<\/span>\n\t\t<\/div>\n\t\t\t\t\t\t<\/div>\n\t\t\t\t<\/div>\n\t\t\t\t<div class=\"elementor-element elementor-element-9c18106 elementor-widget elementor-widget-text-editor\" data-id=\"9c18106\" data-element_type=\"widget\" data-e-type=\"widget\" data-widget_type=\"text-editor.default\">\n\t\t\t\t<div class=\"elementor-widget-container\">\n\t\t\t\t\t\t\t\t\t<p>Im Falle einer <strong>St\u00f6rung der \u00d6lskimmer<\/strong>\u00a0der Linie MAX, bieten wir einen Reparaturservice.<\/p><p>In unserem Lager gibt es stets Ersatzteile f\u00fcr <strong>schnelle und effiziente Reparaturen<\/strong>.<\/p>\t\t\t\t\t\t\t\t<\/div>\n\t\t\t\t<\/div>\n\t\t\t\t<\/div>\n\t\t\t\t\t<\/div>\n\t\t\t\t<\/div>\n\t\t\t\t<\/div>\n\t\t","protected":false},"excerpt":{"rendered":"<p>Kundendienst Die Verwaltung der \u00d6lskimmer Um die hohe Leistung aufrechtzuerhalten und die Lebensdauer der Produkte weiter zu verbessern, haben wir einen Kundendienst entwickelt, der Unternehmen bei der Wartung von \u00d6lskimmern unterst\u00fctzt. Die \u00d6lskimmer MAX m\u00fcssen nur routinem\u00e4\u00dfig gereinigt werden, und die Auswahl der Materialien macht sie robust und langlebig. Die Fertigung und Montage der \u00d6lskimmer [&hellip;]<\/p>\n","protected":false},"author":1,"featured_media":0,"parent":0,"menu_order":0,"comment_status":"closed","ping_status":"closed","template":"elementor_header_footer","meta":{"footnotes":""},"class_list":["post-2492","page","type-page","status-publish","hentry"],"_links":{"self":[{"href":"https:\/\/maxildisoleatore.it\/de\/wp-json\/wp\/v2\/pages\/2492","targetHints":{"allow":["GET"]}}],"collection":[{"href":"https:\/\/maxildisoleatore.it\/de\/wp-json\/wp\/v2\/pages"}],"about":[{"href":"https:\/\/maxildisoleatore.it\/de\/wp-json\/wp\/v2\/types\/page"}],"author":[{"embeddable":true,"href":"https:\/\/maxildisoleatore.it\/de\/wp-json\/wp\/v2\/users\/1"}],"replies":[{"embeddable":true,"href":"https:\/\/maxildisoleatore.it\/de\/wp-json\/wp\/v2\/comments?post=2492"}],"version-history":[{"count":28,"href":"https:\/\/maxildisoleatore.it\/de\/wp-json\/wp\/v2\/pages\/2492\/revisions"}],"predecessor-version":[{"id":4367,"href":"https:\/\/maxildisoleatore.it\/de\/wp-json\/wp\/v2\/pages\/2492\/revisions\/4367"}],"wp:attachment":[{"href":"https:\/\/maxildisoleatore.it\/de\/wp-json\/wp\/v2\/media?parent=2492"}],"curies":[{"name":"wp","href":"https:\/\/api.w.org\/{rel}","templated":true}]}}